{"id":238,"date":"2023-07-20T08:57:10","date_gmt":"2023-07-20T08:57:10","guid":{"rendered":"https:\/\/www.odekia.es\/?page_id=238"},"modified":"2023-07-20T15:15:18","modified_gmt":"2023-07-20T15:15:18","slug":"declaracion-de-accesibilidad","status":"publish","type":"page","link":"https:\/\/www.odekia.es\/?page_id=238","title":{"rendered":"Declaraci\u00f3n de accesibilidad"},"content":{"rendered":"<p>Odekia Soluciones y Sistemas,\u00a0 se ha comprometido a hacer accesible su sitio web de conformidad con el <a href=\"https:\/\/www.boe.es\/diario_boe\/txt.php?id=BOE-A-2018-12699\" target=\"_blank\" rel=\"noopener\"><strong>Real Decreto 1112\/2018, de 7 de septiembre<\/strong><\/a>, sobre accesibilidad de los sitios web y aplicaciones para dispositivos m\u00f3viles del sector p\u00fablico (en adelante, Real Decreto 1112\/2018, de 7 de septiembre).<\/p>\n<p>La presente declaraci\u00f3n de accesibilidad se aplica al sitio web <a href=\"https:\/\/www.odekia.es\/\">https:\/\/www.odekia.es\/<\/a><\/p>\n<p><strong>Situaci\u00f3n de cumplimiento<\/strong><\/p>\n<p>Este sitio web es\u00a0<strong>parcialmente conforme<\/strong>\u00a0con el Real Decreto 1112\/2018, de 7 de septiembre, debido a la falta de conformidad de los aspectos que se indican a continuaci\u00f3n.<\/p>\n<p><strong>Contenido no accesible<\/strong><\/p>\n<p>El contenido que se recoge a continuaci\u00f3n no es accesible por lo siguiente:<\/p>\n<ol>\n<li>En el portal pueden existir contenidos en otros idiomas en los que no est\u00e1 etiquetado correctamente el cambio de idioma<\/li>\n<li>Los elementos multimedia solo audio no tienen alternativa<\/li>\n<li>Existen v\u00eddeos sin subt\u00edtulos<\/li>\n<li>Hay contenido textual sin un contraste suficiente<\/li>\n<li>Se observa como en algunos casos el foco no cumple con el m\u00ednimo ratio de contraste requerido<\/li>\n<li>En alg\u00fan caso puede producirse solapamiento de contenido<\/li>\n<li>Existen documentos PDF con problemas de accesibilidad<\/li>\n<li><strong>Carga desproporcionada<\/strong>: no aplica.<\/li>\n<li><strong>Contenido no entra dentro del \u00e1mbito de la legislaci\u00f3n aplicable: <\/strong>Pueden existir documentos en formato\u00a0PDF que no cumplan en su totalidad todos los requisitos de accesibilidad.<\/li>\n<\/ol>\n<p><strong>Preparaci\u00f3n de la presente declaraci\u00f3n de accesibilidad<\/strong><\/p>\n<p>La presente declaraci\u00f3n fue preparada el 18 de julio de 2023.<\/p>\n<p>El m\u00e9todo empleado para preparar la declaraci\u00f3n ha sido una autoevaluaci\u00f3n llevada a cabo por PIKSTUDIO MULTIMEDIA, como agente digitalizador.<\/p>\n<p><strong>Observaciones y datos de contacto<\/strong><\/p>\n<p>Puede realizar comunicaciones sobre requisitos de accesibilidad (art\u00edculo 10.2.a) del Real Decreto 1112\/2018, de 7 de septiembre) como, por ejemplo:<\/p>\n<ul>\n<li>Informar sobre cualquier posible incumplimiento por parte de este sitio web.<\/li>\n<li>Transmitir otras dificultades de acceso al contenido.<\/li>\n<li>Formular cualquier otra consulta o sugerencia de mejora relativa a la accesibilidad del sitio web.<\/li>\n<\/ul>\n<p>A trav\u00e9s de las siguientes v\u00edas:<\/p>\n<ul>\n<li>Correo electr\u00f3nico: comercial@odekia.es<\/li>\n<li>Tel\u00e9fonos +34 91 792 27 31<\/li>\n<\/ul>\n<p>Las comunicaciones ser\u00e1n recibidas y tratadas por la Odekia Soluciones y Sistemas, S.L.<\/p>\n<p><strong>Procedimiento de aplicaci\u00f3n<\/strong><\/p>\n<p>Se pondr\u00e1 en marcha un procedimiento de aplicaci\u00f3n adecuado y eficaz al que debe recurrirse en caso de que la respuesta a la comunicaci\u00f3n o a la solicitud sea insatisfactoria.<\/p>\n<p><strong>Contenido opcional<\/strong><\/p>\n<p>Este sitio web:<\/p>\n<ul>\n<li>Se ha dise\u00f1ado adapt\u00e1ndose a los est\u00e1ndares y normativas vigentes en relaci\u00f3n a la accesibilidad, cumpliendo con los puntos de verificaci\u00f3n de prioridad 2 (AA) definidos en la especificaci\u00f3n de Pautas de Accesibilidad al Contenido en la Web (WCAG 2.1).<\/li>\n<li>Cumple con los requisitos de la Norma\u00a0<a href=\"https:\/\/administracionelectronica.gob.es\/pae_Home\/dam\/jcr:2352eaaf-2ee8-4501-a67b-bb682c6de934\/Norma_UNE-EN_301549.pdf\">UNE-EN 301549 v1.1.2:2015<\/a>, considerando las excepciones del Real Decreto 1112\/2018.<\/li>\n<li>Est\u00e1 dise\u00f1ado para su correcta visualizaci\u00f3n en dispositivos de escritorio, tablet y m\u00f3viles para una resoluci\u00f3n m\u00ednima de\u00a0<strong>1280\u00d71024<\/strong>.<\/li>\n<li>Se ha realizado utilizando HTML5 como lenguaje de marcado y hojas de estilo CSS 3 para su dise\u00f1o.<\/li>\n<li>Est\u00e1 dise\u00f1ado para su uso con javascript no intrusivo ofreciendo, en el caso de que su navegador no lo soporte, su correspondiente alternativa no javascript.<\/li>\n<\/ul>\n<p>&nbsp;<\/p>\n","protected":false},"excerpt":{"rendered":"<p>Odekia Soluciones y Sistemas,\u00a0 se ha comprometido a hacer accesible su sitio web de conformidad con el Real Decreto 1112\/2018, de 7 de septiembre, sobre accesibilidad de los sitios web y aplicaciones para dispositivos m\u00f3viles del sector p\u00fablico (en adelante, Real Decreto 1112\/2018, de 7 de septiembre). La presente declaraci\u00f3n de accesibilidad se aplica al [&hellip;]<\/p>\n","protected":false},"author":2,"featured_media":0,"parent":0,"menu_order":0,"comment_status":"closed","ping_status":"closed","template":"","meta":{"_acf_changed":false,"_seopress_robots_primary_cat":"","_seopress_titles_title":"","_seopress_titles_desc":"","_seopress_robots_index":"","site-sidebar-layout":"default","site-content-layout":"default","ast-site-content-layout":"","site-content-style":"default","site-sidebar-style":"default","ast-global-header-display":"","ast-banner-title-visibility":"","ast-main-header-display":"","ast-hfb-above-header-display":"","ast-hfb-below-header-display":"","ast-hfb-mobile-header-display":"","site-post-title":"","ast-breadcrumbs-content":"","ast-featured-img":"","footer-sml-layout":"","theme-transparent-header-meta":"default","adv-header-id-meta":"","stick-header-meta":"","header-above-stick-meta":"","header-main-stick-meta":"","header-below-stick-meta":"","astra-migrate-meta-layouts":"default","ast-page-background-enabled":"default","ast-page-background-meta":{"desktop":{"background-color":"var(--ast-global-color-4)","background-image":"","background-repeat":"repeat","background-position":"center center","background-size":"auto","background-attachment":"scroll","background-type":"","background-media":"","overlay-type":"","overlay-color":"","overlay-opacity":"","overlay-gradient":""},"tablet":{"background-color":"","background-image":"","background-repeat":"repeat","background-position":"center center","background-size":"auto","background-attachment":"scroll","background-type":"","background-media":"","overlay-type":"","overlay-color":"","overlay-opacity":"","overlay-gradient":""},"mobile":{"background-color":"","background-image":"","background-repeat":"repeat","background-position":"center center","background-size":"auto","background-attachment":"scroll","background-type":"","background-media":"","overlay-type":"","overlay-color":"","overlay-opacity":"","overlay-gradient":""}},"ast-content-background-meta":{"desktop":{"background-color":"var(--ast-global-color-5)","background-image":"","background-repeat":"repeat","background-position":"center center","background-size":"auto","background-attachment":"scroll","background-type":"","background-media":"","overlay-type":"","overlay-color":"","overlay-opacity":"","overlay-gradient":""},"tablet":{"background-color":"var(--ast-global-color-5)","background-image":"","background-repeat":"repeat","background-position":"center center","background-size":"auto","background-attachment":"scroll","background-type":"","background-media":"","overlay-type":"","overlay-color":"","overlay-opacity":"","overlay-gradient":""},"mobile":{"background-color":"var(--ast-global-color-5)","background-image":"","background-repeat":"repeat","background-position":"center center","background-size":"auto","background-attachment":"scroll","background-type":"","background-media":"","overlay-type":"","overlay-color":"","overlay-opacity":"","overlay-gradient":""}},"footnotes":""},"class_list":["post-238","page","type-page","status-publish","hentry"],"acf":[],"_links":{"self":[{"href":"https:\/\/www.odekia.es\/index.php?rest_route=\/wp\/v2\/pages\/238","targetHints":{"allow":["GET"]}}],"collection":[{"href":"https:\/\/www.odekia.es\/index.php?rest_route=\/wp\/v2\/pages"}],"about":[{"href":"https:\/\/www.odekia.es\/index.php?rest_route=\/wp\/v2\/types\/page"}],"author":[{"embeddable":true,"href":"https:\/\/www.odekia.es\/index.php?rest_route=\/wp\/v2\/users\/2"}],"replies":[{"embeddable":true,"href":"https:\/\/www.odekia.es\/index.php?rest_route=%2Fwp%2Fv2%2Fcomments&post=238"}],"version-history":[{"count":0,"href":"https:\/\/www.odekia.es\/index.php?rest_route=\/wp\/v2\/pages\/238\/revisions"}],"wp:attachment":[{"href":"https:\/\/www.odekia.es\/index.php?rest_route=%2Fwp%2Fv2%2Fmedia&parent=238"}],"curies":[{"name":"wp","href":"https:\/\/api.w.org\/{rel}","templated":true}]}}