{"id":241,"date":"2023-07-20T08:58:00","date_gmt":"2023-07-20T08:58:00","guid":{"rendered":"https:\/\/www.odekia.es\/?page_id=241"},"modified":"2025-08-06T11:34:57","modified_gmt":"2025-08-06T11:34:57","slug":"contacto","status":"publish","type":"page","link":"https:\/\/www.odekia.es\/?page_id=241","title":{"rendered":"Contacto"},"content":{"rendered":"\t\t<div data-elementor-type=\"wp-page\" data-elementor-id=\"241\" class=\"elementor elementor-241\" data-elementor-post-type=\"page\">\n\t\t\t\t<div class=\"has_ae_slider elementor-element elementor-element-391dd0e e-flex e-con-boxed ae-bg-gallery-type-default e-con e-parent\" data-id=\"391dd0e\" data-element_type=\"container\">\n\t\t\t\t\t<div class=\"e-con-inner\">\n\t\t\t\t<div class=\"elementor-element elementor-element-5eaebf1 elementor-widget elementor-widget-heading\" data-id=\"5eaebf1\" data-element_type=\"widget\" data-widget_type=\"heading.default\">\n\t\t\t\t<div class=\"elementor-widget-container\">\n\t\t\t\t\t<h2 class=\"elementor-heading-title elementor-size-default\">Contacta con Odekia<\/h2>\t\t\t\t<\/div>\n\t\t\t\t<\/div>\n\t\t\t\t<div class=\"elementor-element elementor-element-a74b636 elementor-widget elementor-widget-heading\" data-id=\"a74b636\" data-element_type=\"widget\" data-widget_type=\"heading.default\">\n\t\t\t\t<div class=\"elementor-widget-container\">\n\t\t\t\t\t<h4 class=\"elementor-heading-title elementor-size-default\">Si tienes cualquier duda estaremos encantados de atenderte.<br> Ll\u00e1manos o env\u00edanos tu consulta a trav\u00e9s del siguiente formulario.<\/h4>\t\t\t\t<\/div>\n\t\t\t\t<\/div>\n\t\t\t\t\t<\/div>\n\t\t\t\t<\/div>\n\t\t<div class=\"has_ae_slider elementor-element elementor-element-a72cc0f e-flex e-con-boxed ae-bg-gallery-type-default e-con e-parent\" data-id=\"a72cc0f\" data-element_type=\"container\">\n\t\t\t\t\t<div class=\"e-con-inner\">\n\t\t<div class=\"has_ae_slider elementor-element elementor-element-e2eb8e2 e-con-full e-flex ae-bg-gallery-type-default e-con e-child\" data-id=\"e2eb8e2\" data-element_type=\"container\">\n\t\t\t\t<div class=\"elementor-element elementor-element-e456cc4 elementor-widget elementor-widget-shortcode\" data-id=\"e456cc4\" data-element_type=\"widget\" data-widget_type=\"shortcode.default\">\n\t\t\t\t<div class=\"elementor-widget-container\">\n\t\t\t\t\t\t\t<div class=\"elementor-shortcode\">\n<div class=\"wpcf7 no-js\" id=\"wpcf7-f1622-o1\" lang=\"es-ES\" dir=\"ltr\" data-wpcf7-id=\"1622\">\n<div class=\"screen-reader-response\"><p role=\"status\" aria-live=\"polite\" aria-atomic=\"true\"><\/p> <ul><\/ul><\/div>\n<form action=\"\/index.php?rest_route=%2Fwp%2Fv2%2Fpages%2F241#wpcf7-f1622-o1\" method=\"post\" class=\"wpcf7-form init\" aria-label=\"Formulario de contacto\" novalidate=\"novalidate\" data-status=\"init\">\n<fieldset class=\"hidden-fields-container\"><input type=\"hidden\" name=\"_wpcf7\" value=\"1622\" \/><input type=\"hidden\" name=\"_wpcf7_version\" value=\"6.1.1\" \/><input type=\"hidden\" name=\"_wpcf7_locale\" value=\"es_ES\" \/><input type=\"hidden\" name=\"_wpcf7_unit_tag\" value=\"wpcf7-f1622-o1\" \/><input type=\"hidden\" name=\"_wpcf7_container_post\" value=\"0\" \/><input type=\"hidden\" name=\"_wpcf7_posted_data_hash\" value=\"\" \/>\n<\/fieldset>\n<p><label> Nombre<br \/>\n<span class=\"wpcf7-form-control-wrap\" data-name=\"your-name\"><input size=\"40\" maxlength=\"400\" class=\"wpcf7-form-control wpcf7-text wpcf7-validates-as-required\" autocomplete=\"name\" aria-required=\"true\" aria-invalid=\"false\" value=\"\" type=\"text\" name=\"your-name\" \/><\/span> <\/label>\n<\/p>\n<p><label> Correo electr\u00f3nico<br \/>\n<span class=\"wpcf7-form-control-wrap\" data-name=\"your-email\"><input size=\"40\" maxlength=\"400\" class=\"wpcf7-form-control wpcf7-email wpcf7-validates-as-required wpcf7-text wpcf7-validates-as-email\" autocomplete=\"email\" aria-required=\"true\" aria-invalid=\"false\" value=\"\" type=\"email\" name=\"your-email\" \/><\/span> <\/label>\n<\/p>\n<p><label> Tel\u00e9fono<br \/>\n<span class=\"wpcf7-form-control-wrap\" data-name=\"tel-680\"><input size=\"40\" maxlength=\"400\" class=\"wpcf7-form-control wpcf7-tel wpcf7-text wpcf7-validates-as-tel\" aria-invalid=\"false\" value=\"\" type=\"tel\" name=\"tel-680\" \/><\/span> <\/label>\n<\/p>\n<p><label> Mensaje<br \/>\n<span class=\"wpcf7-form-control-wrap\" data-name=\"your-message\"><textarea cols=\"40\" rows=\"10\" maxlength=\"2000\" class=\"wpcf7-form-control wpcf7-textarea\" aria-invalid=\"false\" name=\"your-message\"><\/textarea><\/span> <\/label>\n<\/p>\n<p><label> <span class=\"wpcf7-form-control-wrap\" data-name=\"Aceptacion\"><span class=\"wpcf7-form-control wpcf7-acceptance\"><span class=\"wpcf7-list-item\"><label><input type=\"checkbox\" name=\"Aceptacion\" value=\"1\" aria-invalid=\"false\" \/><span class=\"wpcf7-list-item-label\">Declaro haber le\u00eddo la <a href=\"https:\/\/www.odekia.es\/popupodekia.html\" target=\"popup\"\nonClick=\"window.open(this.href, this.target, 'width=700px,height=700px'); return false;\">\nPol\u00edtica de uso de datos personales\n<\/a><\/span><\/label><\/span><\/span><\/span><\/label>\n<\/p>\n<p><input class=\"wpcf7-form-control wpcf7-submit has-spinner\" type=\"submit\" value=\"Enviar\" \/>\n<\/p><div class=\"wpcf7-response-output\" aria-hidden=\"true\"><\/div>\n<\/form>\n<\/div>\n<\/div>\n\t\t\t\t\t\t<\/div>\n\t\t\t\t<\/div>\n\t\t\t\t<\/div>\n\t\t<div class=\"has_ae_slider elementor-element elementor-element-3e3f311 e-con-full e-flex ae-bg-gallery-type-default e-con e-child\" data-id=\"3e3f311\" data-element_type=\"container\">\n\t\t\t\t<div class=\"elementor-element elementor-element-941cc38 elementor-widget elementor-widget-google_maps\" data-id=\"941cc38\" data-element_type=\"widget\" data-widget_type=\"google_maps.default\">\n\t\t\t\t<div class=\"elementor-widget-container\">\n\t\t\t\t\t\t\t<div class=\"elementor-custom-embed\">\n\t\t\t<iframe loading=\"lazy\"\n\t\t\t\t\tsrc=\"https:\/\/maps.google.com\/maps?q=Calle%20San%20Maximo%2031%2C%2028041%2C%20Madrid&#038;t=m&#038;z=14&#038;output=embed&#038;iwloc=near\"\n\t\t\t\t\ttitle=\"Calle San Maximo 31, 28041, Madrid\"\n\t\t\t\t\taria-label=\"Calle San Maximo 31, 28041, Madrid\"\n\t\t\t><\/iframe>\n\t\t<\/div>\n\t\t\t\t\t\t<\/div>\n\t\t\t\t<\/div>\n\t\t\t\t<\/div>\n\t\t\t\t\t<\/div>\n\t\t\t\t<\/div>\n\t\t<div class=\"has_ae_slider elementor-element elementor-element-c54dea3 e-flex e-con-boxed ae-bg-gallery-type-default e-con e-parent\" data-id=\"c54dea3\" data-element_type=\"container\" data-settings=\"{&quot;background_background&quot;:&quot;classic&quot;}\">\n\t\t\t\t\t<div class=\"e-con-inner\">\n\t\t<div class=\"has_ae_slider elementor-element elementor-element-f0c66a8 e-con-full e-flex ae-bg-gallery-type-default e-con e-child\" data-id=\"f0c66a8\" data-element_type=\"container\">\n\t\t\t\t<div class=\"elementor-element elementor-element-f9bfa69 elementor-view-default elementor-position-top elementor-mobile-position-top elementor-widget elementor-widget-icon-box\" data-id=\"f9bfa69\" data-element_type=\"widget\" data-widget_type=\"icon-box.default\">\n\t\t\t\t<div class=\"elementor-widget-container\">\n\t\t\t\t\t\t\t<div class=\"elementor-icon-box-wrapper\">\n\n\t\t\t\t\t\t<div class=\"elementor-icon-box-icon\">\n\t\t\t\t<span  class=\"elementor-icon\">\n\t\t\t\t<svg xmlns=\"http:\/\/www.w3.org\/2000\/svg\" id=\"Capa_1\" viewBox=\"0 0 126 126\"><path d=\"m99.14,37.6h-60.57c-4.3,0-7.81,3.52-7.81,7.81v2.93c0,1.07.88,1.95,1.95,1.95s1.95-.88,1.95-1.95v-2.93c0-.39.1-.78.2-1.17l21.88,18.76-21.88,18.76c-.1-.39-.2-.78-.2-1.17v-2.93c0-1.07-.88-1.95-1.95-1.95s-1.95.88-1.95,1.95v2.93c0,4.3,3.52,7.81,7.81,7.81h60.57c4.3,0,7.81-3.52,7.81-7.81v-35.17c0-4.3-3.52-7.81-7.81-7.81Zm-61.35,4.01c.2-.1.49-.1.78-.1h60.57c.29,0,.59,0,.78.1l-29.79,25.5c-.78.59-1.76.59-2.54,0l-29.79-25.5Zm61.35,42.88h-60.57c-.29,0-.59,0-.78-.1l21.98-18.85,5.28,4.59c1.07.98,2.44,1.47,3.81,1.47s2.74-.49,3.81-1.47l5.28-4.59,21.98,18.85c-.2.1-.49.1-.78.1Zm3.91-3.91c0,.39-.1.78-.2,1.17l-21.88-18.76,21.88-18.76c.1.39.2.78.2,1.17v35.17ZM24.9,58.12c0-1.07.88-1.95,1.95-1.95h11.72c1.07,0,1.95.88,1.95,1.95s-.88,1.95-1.95,1.95h-11.72c-1.07,0-1.95-.88-1.95-1.95Zm13.68,11.72h-17.58c-1.07,0-1.95-.88-1.95-1.95s.88-1.95,1.95-1.95h17.58c1.07,0,1.95.88,1.95,1.95s-.88,1.95-1.95,1.95Z\" style=\"fill:#8eb4e3; stroke-width:0px;\"><\/path><\/svg>\t\t\t\t<\/span>\n\t\t\t<\/div>\n\t\t\t\n\t\t\t\t\t\t<div class=\"elementor-icon-box-content\">\n\n\t\t\t\t\t\t\t\t\t<h3 class=\"elementor-icon-box-title\">\n\t\t\t\t\t\t<span  >\n\t\t\t\t\t\t\tEmail\t\t\t\t\t\t<\/span>\n\t\t\t\t\t<\/h3>\n\t\t\t\t\n\t\t\t\t\t\t\t\t\t<p class=\"elementor-icon-box-description\">\n\t\t\t\t\t\tcomercial@odekia.es\t\t\t\t\t<\/p>\n\t\t\t\t\n\t\t\t<\/div>\n\t\t\t\n\t\t<\/div>\n\t\t\t\t\t\t<\/div>\n\t\t\t\t<\/div>\n\t\t\t\t<\/div>\n\t\t<div class=\"has_ae_slider elementor-element elementor-element-1810e85 e-con-full e-flex ae-bg-gallery-type-default e-con e-child\" data-id=\"1810e85\" data-element_type=\"container\">\n\t\t\t\t<div class=\"elementor-element elementor-element-f442794 elementor-view-default elementor-position-top elementor-mobile-position-top elementor-widget elementor-widget-icon-box\" data-id=\"f442794\" data-element_type=\"widget\" data-widget_type=\"icon-box.default\">\n\t\t\t\t<div class=\"elementor-widget-container\">\n\t\t\t\t\t\t\t<div class=\"elementor-icon-box-wrapper\">\n\n\t\t\t\t\t\t<div class=\"elementor-icon-box-icon\">\n\t\t\t\t<span  class=\"elementor-icon\">\n\t\t\t\t<svg xmlns=\"http:\/\/www.w3.org\/2000\/svg\" id=\"Capa_1\" viewBox=\"0 0 126 126\"><path d=\"m80.64,69.02c-.88-.88-2.3-.88-3.18,0l-9.61,9.61c-.32.31-.81.36-1.18.11-3.8-2.59-7.35-5.53-10.61-8.79-3.26-3.25-6.2-6.8-8.79-10.61-.25-.37-.2-.86.11-1.18l9.61-9.61c.88-.88.88-2.3,0-3.18l-17.21-17.21c-.88-.88-2.3-.88-3.18,0h0s-10.89,10.89-10.89,10.89c-2.28,2.29-3.31,5.54-2.78,8.72,2.1,12.64,9.02,25.36,19.48,35.82,10.42,10.42,23.09,17.34,35.68,19.49,3.2.55,6.46-.49,8.76-2.78l10.96-10.96c.88-.88.88-2.3,0-3.18l-17.16-17.16Zm3.44,28.54c-1.4,1.39-3.39,2.02-5.34,1.69-11.79-2.01-23.72-8.55-33.57-18.4-9.89-9.89-16.42-21.86-18.39-33.7-.33-1.94.3-3.92,1.69-5.32l9.73-9.73,14.87,14.87-8.44,8.44c-1.64,1.64-1.88,4.21-.58,6.13,2.73,4.01,5.83,7.75,9.26,11.17,3.42,3.43,7.17,6.53,11.17,9.26,1.92,1.3,4.49,1.06,6.13-.58l8.44-8.44,14.82,14.82-9.79,9.79Z\" style=\"fill:#8eb4e3; stroke-width:0px;\"><\/path><path d=\"m103.15,57.02c-4.08-16.92-17.29-30.13-34.21-34.21-1.05-.25-2.1.39-2.35,1.44-.25,1.05.39,2.1,1.44,2.35,15.49,3.74,27.59,15.83,31.32,31.32.25,1.05,1.3,1.69,2.35,1.44,1.05-.25,1.69-1.3,1.44-2.35h0Z\" style=\"fill:#8eb4e3; stroke-width:0px;\"><\/path><path d=\"m67.82,41.49c7.72,2.85,13.81,8.94,16.66,16.66.37,1.01,1.49,1.54,2.5,1.17,1.01-.37,1.54-1.49,1.17-2.5,0,0,0-.01,0-.02-3.25-8.8-10.18-15.73-18.98-18.98-1.01-.37-2.13.15-2.51,1.16-.37,1.01.15,2.13,1.16,2.51h0Z\" style=\"fill:#8eb4e3; stroke-width:0px;\"><\/path><\/svg>\t\t\t\t<\/span>\n\t\t\t<\/div>\n\t\t\t\n\t\t\t\t\t\t<div class=\"elementor-icon-box-content\">\n\n\t\t\t\t\t\t\t\t\t<h3 class=\"elementor-icon-box-title\">\n\t\t\t\t\t\t<span  >\n\t\t\t\t\t\t\tTel\u00e9fono\t\t\t\t\t\t<\/span>\n\t\t\t\t\t<\/h3>\n\t\t\t\t\n\t\t\t\t\t\t\t\t\t<p class=\"elementor-icon-box-description\">\n\t\t\t\t\t\t+34 91 792 27 31\t\t\t\t\t<\/p>\n\t\t\t\t\n\t\t\t<\/div>\n\t\t\t\n\t\t<\/div>\n\t\t\t\t\t\t<\/div>\n\t\t\t\t<\/div>\n\t\t\t\t<\/div>\n\t\t<div class=\"has_ae_slider elementor-element elementor-element-0899f9c e-con-full e-flex ae-bg-gallery-type-default e-con e-child\" data-id=\"0899f9c\" data-element_type=\"container\">\n\t\t\t\t<div class=\"elementor-element elementor-element-06fe32a elementor-view-default elementor-position-top elementor-mobile-position-top elementor-widget elementor-widget-icon-box\" data-id=\"06fe32a\" data-element_type=\"widget\" data-widget_type=\"icon-box.default\">\n\t\t\t\t<div class=\"elementor-widget-container\">\n\t\t\t\t\t\t\t<div class=\"elementor-icon-box-wrapper\">\n\n\t\t\t\t\t\t<div class=\"elementor-icon-box-icon\">\n\t\t\t\t<span  class=\"elementor-icon\">\n\t\t\t\t<svg xmlns=\"http:\/\/www.w3.org\/2000\/svg\" id=\"Capa_1\" viewBox=\"0 0 126 126\"><path d=\"m60.91,104.75c.47.7,1.25,1.12,2.09,1.12s1.62-.42,2.09-1.12c5.94-8.92,14.7-19.93,20.8-31.12,4.88-8.95,7.25-16.59,7.25-23.35,0-16.62-13.52-30.14-30.14-30.14s-30.14,13.52-30.14,30.14c0,6.76,2.37,14.39,7.25,23.35,6.1,11.19,14.87,22.23,20.8,31.12Zm2.09-79.59c13.85,0,25.12,11.27,25.12,25.12,0,5.89-2.17,12.75-6.64,20.94-5.26,9.65-12.76,19.44-18.48,27.68-5.71-8.23-13.22-18.02-18.48-27.68-4.47-8.2-6.64-15.05-6.64-20.94,0-13.85,11.27-25.12,25.12-25.12h0Z\" style=\"fill:#8eb4e3; stroke-width:0px;\"><\/path><path d=\"m63,65.34c8.31,0,15.07-6.76,15.07-15.07s-6.76-15.07-15.07-15.07-15.07,6.76-15.07,15.07,6.76,15.07,15.07,15.07Zm0-25.12c5.54,0,10.05,4.51,10.05,10.05s-4.51,10.05-10.05,10.05-10.05-4.51-10.05-10.05,4.51-10.05,10.05-10.05Z\" style=\"fill:#8eb4e3; stroke-width:0px;\"><\/path><\/svg>\t\t\t\t<\/span>\n\t\t\t<\/div>\n\t\t\t\n\t\t\t\t\t\t<div class=\"elementor-icon-box-content\">\n\n\t\t\t\t\t\t\t\t\t<h3 class=\"elementor-icon-box-title\">\n\t\t\t\t\t\t<span  >\n\t\t\t\t\t\t\tLocalizaci\u00f3n\t\t\t\t\t\t<\/span>\n\t\t\t\t\t<\/h3>\n\t\t\t\t\n\t\t\t\t\t\t\t\t\t<p class=\"elementor-icon-box-description\">\n\t\t\t\t\t\tCalle San Maximo 31, 28041, Madrid\t\t\t\t\t<\/p>\n\t\t\t\t\n\t\t\t<\/div>\n\t\t\t\n\t\t<\/div>\n\t\t\t\t\t\t<\/div>\n\t\t\t\t<\/div>\n\t\t\t\t<\/div>\n\t\t\t\t\t<\/div>\n\t\t\t\t<\/div>\n\t\t\t\t<\/div>\n\t\t","protected":false},"excerpt":{"rendered":"<p>Contacta con Odekia Si tienes cualquier duda estaremos encantados de atenderte. Ll\u00e1manos o env\u00edanos tu consulta a trav\u00e9s del siguiente formulario. Email comercial@odekia.es Tel\u00e9fono +34 91 792 27 31 Localizaci\u00f3n Calle San Maximo 31, 28041, Madrid<\/p>\n","protected":false},"author":2,"featured_media":0,"parent":0,"menu_order":0,"comment_status":"closed","ping_status":"closed","template":"","meta":{"_acf_changed":false,"_seopress_robots_primary_cat":"","_seopress_titles_title":"","_seopress_titles_desc":"","_seopress_robots_index":"","site-sidebar-layout":"no-sidebar","site-content-layout":"page-builder","ast-site-content-layout":"","site-content-style":"default","site-sidebar-style":"default","ast-global-header-display":"","ast-banner-title-visibility":"","ast-main-header-display":"","ast-hfb-above-header-display":"","ast-hfb-below-header-display":"","ast-hfb-mobile-header-display":"","site-post-title":"disabled","ast-breadcrumbs-content":"","ast-featured-img":"disabled","footer-sml-layout":"","theme-transparent-header-meta":"default","adv-header-id-meta":"","stick-header-meta":"","header-above-stick-meta":"","header-main-stick-meta":"","header-below-stick-meta":"","astra-migrate-meta-layouts":"default","ast-page-background-enabled":"default","ast-page-background-meta":{"desktop":{"background-color":"var(--ast-global-color-4)","background-image":"","background-repeat":"repeat","background-position":"center center","background-size":"auto","background-attachment":"scroll","background-type":"","background-media":"","overlay-type":"","overlay-color":"","overlay-opacity":"","overlay-gradient":""},"tablet":{"background-color":"","background-image":"","background-repeat":"repeat","background-position":"center center","background-size":"auto","background-attachment":"scroll","background-type":"","background-media":"","overlay-type":"","overlay-color":"","overlay-opacity":"","overlay-gradient":""},"mobile":{"background-color":"","background-image":"","background-repeat":"repeat","background-position":"center center","background-size":"auto","background-attachment":"scroll","background-type":"","background-media":"","overlay-type":"","overlay-color":"","overlay-opacity":"","overlay-gradient":""}},"ast-content-background-meta":{"desktop":{"background-color":"var(--ast-global-color-5)","background-image":"","background-repeat":"repeat","background-position":"center center","background-size":"auto","background-attachment":"scroll","background-type":"","background-media":"","overlay-type":"","overlay-color":"","overlay-opacity":"","overlay-gradient":""},"tablet":{"background-color":"var(--ast-global-color-5)","background-image":"","background-repeat":"repeat","background-position":"center center","background-size":"auto","background-attachment":"scroll","background-type":"","background-media":"","overlay-type":"","overlay-color":"","overlay-opacity":"","overlay-gradient":""},"mobile":{"background-color":"var(--ast-global-color-5)","background-image":"","background-repeat":"repeat","background-position":"center center","background-size":"auto","background-attachment":"scroll","background-type":"","background-media":"","overlay-type":"","overlay-color":"","overlay-opacity":"","overlay-gradient":""}},"footnotes":""},"class_list":["post-241","page","type-page","status-publish","hentry"],"acf":[],"_links":{"self":[{"href":"https:\/\/www.odekia.es\/index.php?rest_route=\/wp\/v2\/pages\/241","targetHints":{"allow":["GET"]}}],"collection":[{"href":"https:\/\/www.odekia.es\/index.php?rest_route=\/wp\/v2\/pages"}],"about":[{"href":"https:\/\/www.odekia.es\/index.php?rest_route=\/wp\/v2\/types\/page"}],"author":[{"embeddable":true,"href":"https:\/\/www.odekia.es\/index.php?rest_route=\/wp\/v2\/users\/2"}],"replies":[{"embeddable":true,"href":"https:\/\/www.odekia.es\/index.php?rest_route=%2Fwp%2Fv2%2Fcomments&post=241"}],"version-history":[{"count":18,"href":"https:\/\/www.odekia.es\/index.php?rest_route=\/wp\/v2\/pages\/241\/revisions"}],"predecessor-version":[{"id":1627,"href":"https:\/\/www.odekia.es\/index.php?rest_route=\/wp\/v2\/pages\/241\/revisions\/1627"}],"wp:attachment":[{"href":"https:\/\/www.odekia.es\/index.php?rest_route=%2Fwp%2Fv2%2Fmedia&parent=241"}],"curies":[{"name":"wp","href":"https:\/\/api.w.org\/{rel}","templated":true}]}}